{"id":2627,"date":"2023-03-01T16:34:19","date_gmt":"2023-03-01T13:34:19","guid":{"rendered":"https:\/\/laserline.ee\/?page_id=2627"},"modified":"2025-08-21T16:26:10","modified_gmt":"2025-08-21T13:26:10","slug":"hanked-ja-toetused","status":"publish","type":"page","link":"https:\/\/laserline.ee\/ru\/hanked-ja-toetused\/","title":{"rendered":"\u0417\u0430\u043a\u0443\u043f\u043a\u0438 \u0438 \u0433\u0440\u0430\u043d\u0442\u044b"},"content":{"rendered":"<div data-elementor-type=\"wp-post\" data-elementor-id=\"2627\" class=\"elementor elementor-2627\" data-elementor-post-type=\"page\">\n\t\t\t\t\t\t<section class=\"has_eae_slider elementor-section elementor-top-section elementor-element elementor-element-3e428a81 elementor-section-boxed elementor-section-height-default elementor-section-height-default\" data-eae-slider=\"34471\" data-id=\"3e428a81\" data-element_type=\"section\" data-settings=\"{&quot;background_background&quot;:&quot;classic&quot;}\">\n\t\t\t\t\t\t\t<div class=\"elementor-background-overlay\"><\/div>\n\t\t\t\t\t\t\t<div class=\"elementor-container elementor-column-gap-no\">\n\t\t\t\t\t<div class=\"has_eae_slider elementor-column elementor-col-100 elementor-top-column elementor-element elementor-element-2a8d395f\" data-eae-slider=\"93159\" data-id=\"2a8d395f\" data-element_type=\"column\">\n\t\t\t<div class=\"elementor-widget-wrap elementor-element-populated\">\n\t\t\t\t\t\t<section class=\"has_eae_slider elementor-section elementor-inner-section elementor-element elementor-element-3ba25d34 elementor-section-full_width elementor-section-height-default elementor-section-height-default\" data-eae-slider=\"7975\" data-id=\"3ba25d34\" data-element_type=\"section\">\n\t\t\t\t\t\t<div class=\"elementor-container elementor-column-gap-no\">\n\t\t\t\t\t<div class=\"has_eae_slider elementor-column elementor-col-100 elementor-inner-column elementor-element elementor-element-4406839e\" data-eae-slider=\"67095\" data-id=\"4406839e\" data-element_type=\"column\">\n\t\t\t<div class=\"elementor-widget-wrap elementor-element-populated\">\n\t\t\t\t\t\t<div class=\"elementor-element elementor-element-45a39908 elementor-widget elementor-widget-heading\" data-id=\"45a39908\" data-element_type=\"widget\" data-widget_type=\"heading.default\">\n\t\t\t\t<div class=\"elementor-widget-container\">\n\t\t\t\t\t<h1 class=\"elementor-heading-title elementor-size-default\">\u0417\u0430\u043a\u0443\u043f\u043a\u0438 \u0438 \u0433\u0440\u0430\u043d\u0442\u044b<\/h1>\t\t\t\t<\/div>\n\t\t\t\t<\/div>\n\t\t\t\t\t<\/div>\n\t\t<\/div>\n\t\t\t\t\t<\/div>\n\t\t<\/section>\n\t\t\t\t\t<\/div>\n\t\t<\/div>\n\t\t\t\t\t<\/div>\n\t\t<\/section>\n\t\t\t\t<section class=\"has_eae_slider elementor-section elementor-top-section elementor-element elementor-element-592e427 elementor-section-boxed elementor-section-height-default elementor-section-height-default\" data-eae-slider=\"17854\" data-id=\"592e427\" data-element_type=\"section\">\n\t\t\t\t\t\t<div class=\"elementor-container elementor-column-gap-default\">\n\t\t\t\t\t<div class=\"has_eae_slider elementor-column elementor-col-100 elementor-top-column elementor-element elementor-element-f7a0590\" data-eae-slider=\"39350\" data-id=\"f7a0590\" data-element_type=\"column\">\n\t\t\t<div class=\"elementor-widget-wrap elementor-element-populated\">\n\t\t\t\t\t\t<div class=\"elementor-element elementor-element-062b13c elementor-widget elementor-widget-heading\" data-id=\"062b13c\" data-element_type=\"widget\" data-widget_type=\"heading.default\">\n\t\t\t\t<div class=\"elementor-widget-container\">\n\t\t\t\t\t<h2 class=\"elementor-heading-title elementor-size-default\">Toetus Euroopa Regioonaalarengu Fondist<\/h2>\t\t\t\t<\/div>\n\t\t\t\t<\/div>\n\t\t\t\t<div class=\"elementor-element elementor-element-d1395a5 elementor-widget elementor-widget-text-editor\" data-id=\"d1395a5\" data-element_type=\"widget\" data-widget_type=\"text-editor.default\">\n\t\t\t\t<div class=\"elementor-widget-container\">\n\t\t\t\t\t\t\t\t\t<p><span style=\"font-size: 16px; font-style: normal; font-weight: 300;\">Projekt<\/span><span style=\"font-size: 16px; font-style: normal; font-weight: bold;\">\u00a0\u201eLaserline O\u00dc digitaliseerimise teekaart\u201d sai Euroopa Regionaalarengu Fondist toetust<\/span><\/p><p><strong>Projekti l\u00fchikokkuv\u00f5te:<\/strong><br \/>Projekti raames koostatakse ettev\u00f5ttele digitaliseerimise teekaart, et suurendada ettev\u00f5tte teadlikkust oma digitaliseerituse hetkeolukorrast ning t\u00f5sta parendustegevuste abil oma toodete ja teenuste lisandv\u00e4\u00e4rtust.<\/p><p><b>Projekti eesm\u00e4rk ja tulemus:<br \/><\/b>Projekti eesm\u00e4rk on suurendada ettev\u00f5tte teadlikkust oma digitaliseerituse hetkeolukorrast ning t\u00f5sta parendustegevuste abil oma toodete ja teenuste lisandv\u00e4\u00e4rtust. Ettev\u00f5tte eesm\u00e4rk on leida lahendusi, kuidas saaks tootmist rohkem automatiseerida ja digitaliseerida, et olla innovaatiline ettev\u00f5te oma valdkonnas, kasvatada tootmismahtu ning suurendada efektiivsust. Ettev\u00f5tte soov on teekaardi koostamise k\u00e4igus muuseas kaardistada painutusroboti, uue ERP-tarkvara ning laos\u00fcsteemi kasutuselev\u00f5tu v\u00f5imalused.\u00a0<\/p><p>Projekti raames koostatakse ettev\u00f5ttele digitaliseerimise teekaart koos seletuskirjaga, mis on ettev\u00f5tja strateegiline dokument, millega antakse hinnang ettev\u00f5tja digitaliseerimisele, kitsakohtade likvideerimiseks vajalikele investeeringutele, nende tasuvusele ja ajakavale ning m\u00f5jule ettev\u00f5tja majandustulemustele. Lisaks sisaldab digitaliseerimise teekaart j\u00e4rgmise 3 aasta tegevuskava digitaliseerimise elluviimiseks.<\/p><p><b>Toetuse summa (EUR):<\/b><br \/>10\u00a0143<\/p><p>\u00a0<\/p>\t\t\t\t\t\t\t\t<\/div>\n\t\t\t\t<\/div>\n\t\t\t\t<div class=\"elementor-element elementor-element-9dfaaee elementor-widget elementor-widget-image\" data-id=\"9dfaaee\" data-element_type=\"widget\" data-widget_type=\"image.default\">\n\t\t\t\t<div class=\"elementor-widget-container\">\n\t\t\t\t\t\t\t\t\t\t\t\t\t\t\t<img fetchpriority=\"high\" decoding=\"async\" width=\"675\" height=\"197\" src=\"https:\/\/laserline.ee\/wp-content\/uploads\/RAF_EAS_logo_transparent.png\" class=\"attachment-large size-large wp-image-2791\" alt=\"\" srcset=\"https:\/\/laserline.ee\/wp-content\/uploads\/RAF_EAS_logo_transparent.png 675w, https:\/\/laserline.ee\/wp-content\/uploads\/RAF_EAS_logo_transparent-640x187.png 640w\" sizes=\"(max-width: 675px) 100vw, 675px\" \/>\t\t\t\t\t\t\t\t\t\t\t\t\t\t\t<\/div>\n\t\t\t\t<\/div>\n\t\t\t\t<div class=\"elementor-element elementor-element-8b367c4 elementor-widget elementor-widget-heading\" data-id=\"8b367c4\" data-element_type=\"widget\" data-widget_type=\"heading.default\">\n\t\t\t\t<div class=\"elementor-widget-container\">\n\t\t\t\t\t<h2 class=\"elementor-heading-title elementor-size-default\">Hanketeade<\/h2>\t\t\t\t<\/div>\n\t\t\t\t<\/div>\n\t\t\t\t<div class=\"elementor-element elementor-element-9e2ffee elementor-widget elementor-widget-text-editor\" data-id=\"9e2ffee\" data-element_type=\"widget\" data-widget_type=\"text-editor.default\">\n\t\t\t\t<div class=\"elementor-widget-container\">\n\t\t\t\t\t\t\t\t\t<p><span style=\"font-size: 16px;\">Seoses tootmisv\u00f5imsuse ja efektiivsuse suurendamisega kuulutab Laserline O\u00dc v\u00e4lja allj\u00e4rgneva hanke:<\/span><\/p><ul><li><span style=\"font-size: 16px;\">Fiiberlaserl\u00f5ikuspink (pakkumuse esitamise t\u00e4htaeg 22.03.2023 15.00 GMT +2, t\u00f6\u00f6de valmimise t\u00e4htaeg on 12 kuud lepingu s\u00f5lmimisest).<\/span><\/li><\/ul><p>T\u00e4iendava informatsiooni saamiseks ja selgituste k\u00fcsimiseks palume end registreerida hankele Riigihangete Registris (viitenumber 260001) <a href=\"https:\/\/riigihanked.riik.ee\/\" target=\"_blank\" rel=\"noopener\">https:\/\/riigihanked.riik.ee\/<\/a>.<br \/><span style=\"font-size: 16px;\">Projekti rahastatakse taaste- ja vastupidavuskavast (projekt nr 20.2.02.22-0032). <\/span><span style=\"font-size: 16px;\">Tegemist ei ole\u00a0 hankijaga riigihangete seaduse t\u00e4henduses. Hanke l\u00e4biviimisel j\u00e4rgitakse riigihangete seaduse\u00a0 \u00a7 3 \u00fcldp\u00f5him\u00f5tteid.<\/span><\/p>\t\t\t\t\t\t\t\t<\/div>\n\t\t\t\t<\/div>\n\t\t\t\t<div class=\"elementor-element elementor-element-91bb3c6 elementor-widget elementor-widget-heading\" data-id=\"91bb3c6\" data-element_type=\"widget\" data-widget_type=\"heading.default\">\n\t\t\t\t<div class=\"elementor-widget-container\">\n\t\t\t\t\t<h2 class=\"elementor-heading-title elementor-size-default\">Toetused<\/h2>\t\t\t\t<\/div>\n\t\t\t\t<\/div>\n\t\t\t\t<div class=\"elementor-element elementor-element-598f994 elementor-widget elementor-widget-image\" data-id=\"598f994\" data-element_type=\"widget\" data-widget_type=\"image.default\">\n\t\t\t\t<div class=\"elementor-widget-container\">\n\t\t\t\t\t\t\t\t\t\t\t\t\t\t\t<img decoding=\"async\" width=\"294\" height=\"145\" src=\"https:\/\/laserline.ee\/wp-content\/uploads\/Picture1.png\" class=\"attachment-full size-full wp-image-2636\" alt=\"\" \/>\t\t\t\t\t\t\t\t\t\t\t\t\t\t\t<\/div>\n\t\t\t\t<\/div>\n\t\t\t\t<div class=\"elementor-element elementor-element-e141f6d elementor-widget elementor-widget-text-editor\" data-id=\"e141f6d\" data-element_type=\"widget\" data-widget_type=\"text-editor.default\">\n\t\t\t\t<div class=\"elementor-widget-container\">\n\t\t\t\t\t\t\t\t\t<p><strong>\u00a0<\/strong><strong>Projekt \u201eLaserline O\u00dc ressursit\u00f5hususe investeering\u201d on rahastanud Euroopa Liit taasterahastu NextGenerationEU vahenditest<\/strong><strong>\u00a0<\/strong><\/p><p><strong>Projekti l\u00fchikokkuv\u00f5te:<br \/><\/strong>Investeeringu k\u00e4igus panustab Laserline O\u00dc tooraine efektiivsemale kasutusele ning energia s\u00e4\u00e4stule. Tulemuse saavutamiseks koosneb projekt \u00fchest investeeringust, mille tulemusel toetatakse resurssit\u00f5hus fiiberlaserl\u00f5ikuspink, mis v\u00f5imaldab l\u00f5igata detaile kiiremini ja s\u00e4\u00e4sta resursse l\u00f5igatava detailide omavahelise kauguse v\u00e4henemisest.<\/p><p><strong>Projekti eesm\u00e4rk ja tulemus:<\/strong><\/p><p>Projekti eesm\u00e4rk on saavutada v\u00e4hemalt 2% ressursis\u00e4\u00e4stu paranemine ning t\u00f5sta ressursitootlikkust. Ressursis\u00e4\u00e4stuprojekti eesm\u00e4rgi t\u00e4itmiseks soetatakse j\u00e4rgnevad seadmed:<\/p><ul><li>Uus Fiiberlaserl\u00f5ikuspink:<ul><li><strong>panustab ettev\u00f5tte tootmisprotsessi ressursis\u00e4\u00e4stu ja ressursitootlikuse kasvu;<\/strong><\/li><li><strong style=\"font-size: 16px;\">muudab lehtmetalli l\u00f5ikamise kiiremaks;<\/strong><\/li><li><strong style=\"font-size: 16px;\">v\u00f5imaldab detaile paigutada \u00fcksteisele l\u00e4hemale;<\/strong><\/li><li><strong style=\"font-size: 16px;\">omab abiseadmeid, mis on efektiivsemad ja s\u00e4\u00e4stlikumad.<\/strong><\/li><\/ul><\/li><\/ul><p><strong>Projekti maksumus (EUR):<br \/><\/strong>1 243 044,00<strong>\u00a0<\/strong><\/p><p><strong>Toetuse summa (EUR):<br \/><\/strong>497 217,60<\/p><hr \/><p><img decoding=\"async\" class=\"alignnone size-full wp-image-2636\" src=\"https:\/\/laserline.ee\/wp-content\/uploads\/Picture1.png\" alt=\"\" width=\"294\" height=\"145\" \/><\/p><p><b>Projekt \u201eLaserline O\u00dc digip\u00f6\u00f6rde projekt\u201d sai Euroopa Liidu taasterahastu NextGenerationEU vahenditest toetust<\/b><\/p><p><span style=\"font-weight: 400;\">Projekti eesm\u00e4rgiks on suurendada osa\u00fchingu Laserline tootmise digitaliseeritust ning seel\u00e4bi suurendada ka ettev\u00f5tte lisandv\u00e4\u00e4rtust t\u00f6\u00f6taja kohta. Projekti tulemusena soetatakse ettev\u00f5ttesse keevitusrobot ning t\u00e4iustatakse tootmise planeerimist uue tarkvara abil. Lisaks uuendatakse ettev\u00f5tte IT-s\u00fcsteeme.<\/span><\/p><p><span style=\"font-weight: 400;\">Uute seadmete ja tarkvara kasutusele v\u00f5tmine efektiivistab tootmist, aitab suurendada tootmismahtu ning m\u00fc\u00fcgitulu. Lisaks v\u00f5imaldab tootmismahu suurenemine juurde palgata \u00fche t\u00f6\u00f6taja.<\/span><\/p><p><b>Toetuse summa:<\/b><\/p><p><span style=\"font-weight: 400;\">179\u00a0280 \u20ac<\/span><\/p>\t\t\t\t\t\t\t\t<\/div>\n\t\t\t\t<\/div>\n\t\t\t\t\t<\/div>\n\t\t<\/div>\n\t\t\t\t\t<\/div>\n\t\t<\/section>\n\t\t\t\t<\/div>","protected":false},"excerpt":{"rendered":"<p>Toetus Euroopa Regioonaalarengu Fondist Projekt\u00a0\u201eLaserline O\u00dc digitaliseerimise teekaart\u201d sai Euroopa Regionaalarengu Fondist toetust Projekti l\u00fchikokkuv\u00f5te:Projekti raames koostatakse ettev\u00f5ttele digitaliseerimise teekaart, et suurendada ettev\u00f5tte teadlikkust oma digitaliseerituse hetkeolukorrast ning t\u00f5sta parendustegevuste abil oma toodete ja teenuste lisandv\u00e4\u00e4rtust. Projekti eesm\u00e4rk ja tulemus:Projekti eesm\u00e4rk on suurendada ettev\u00f5tte teadlikkust oma digitaliseerituse hetkeolukorrast ning t\u00f5sta parendustegevuste abil oma toodete ja [&hellip;]<\/p>","protected":false},"author":1,"featured_media":0,"parent":0,"menu_order":0,"comment_status":"closed","ping_status":"closed","template":"","meta":{"_acf_changed":false,"site-sidebar-layout":"no-sidebar","site-content-layout":"page-builder","ast-site-content-layout":"default","site-content-style":"default","site-sidebar-style":"default","ast-global-header-display":"","ast-banner-title-visibility":"","ast-main-header-display":"","ast-hfb-above-header-display":"","ast-hfb-below-header-display":"","ast-hfb-mobile-header-display":"","site-post-title":"disabled","ast-breadcrumbs-content":"","ast-featured-img":"disabled","footer-sml-layout":"","theme-transparent-header-meta":"default","adv-header-id-meta":"","stick-header-meta":"","header-above-stick-meta":"","header-main-stick-meta":"","header-below-stick-meta":"","astra-migrate-meta-layouts":"default","ast-page-background-enabled":"default","ast-page-background-meta":{"desktop":{"background-color":"var(--ast-global-color-4)","background-image":"","background-repeat":"repeat","background-position":"center center","background-size":"auto","background-attachment":"scroll","background-type":"","background-media":"","overlay-type":"","overlay-color":"","overlay-opacity":"","overlay-gradient":""},"tablet":{"background-color":"","background-image":"","background-repeat":"repeat","background-position":"center center","background-size":"auto","background-attachment":"scroll","background-type":"","background-media":"","overlay-type":"","overlay-color":"","overlay-opacity":"","overlay-gradient":""},"mobile":{"background-color":"","background-image":"","background-repeat":"repeat","background-position":"center center","background-size":"auto","background-attachment":"scroll","background-type":"","background-media":"","overlay-type":"","overlay-color":"","overlay-opacity":"","overlay-gradient":""}},"ast-content-background-meta":{"desktop":{"background-color":"var(--ast-global-color-5)","background-image":"","background-repeat":"repeat","background-position":"center center","background-size":"auto","background-attachment":"scroll","background-type":"","background-media":"","overlay-type":"","overlay-color":"","overlay-opacity":"","overlay-gradient":""},"tablet":{"background-color":"var(--ast-global-color-5)","background-image":"","background-repeat":"repeat","background-position":"center center","background-size":"auto","background-attachment":"scroll","background-type":"","background-media":"","overlay-type":"","overlay-color":"","overlay-opacity":"","overlay-gradient":""},"mobile":{"background-color":"var(--ast-global-color-5)","background-image":"","background-repeat":"repeat","background-position":"center center","background-size":"auto","background-attachment":"scroll","background-type":"","background-media":"","overlay-type":"","overlay-color":"","overlay-opacity":"","overlay-gradient":""}},"footnotes":""},"categories":[],"tags":[],"class_list":["post-2627","page","type-page","status-publish","hentry"],"acf":[],"rankMath":{"parentDomain":"laserline.ee","noFollowDomains":[],"noFollowExcludeDomains":[],"noFollowExternalLinks":false,"featuredImageNotice":"\u041f\u043e\u043a\u0430\u0437\u0430\u043d\u043d\u043e\u0435 \u0438\u0437\u043e\u0431\u0440\u0430\u0436\u0435\u043d\u0438\u0435 \u0434\u043e\u043b\u0436\u043d\u043e \u0431\u044b\u0442\u044c \u0440\u0430\u0437\u043c\u0435\u0440\u043e\u043c \u043d\u0435 \u043c\u0435\u043d\u0435\u0435 200 \u043d\u0430 200 \u043f\u0438\u043a\u0441\u0435\u043b\u0435\u0439, \u0447\u0442\u043e\u0431\u044b \u0435\u0433\u043e \u043c\u043e\u0433\u043b\u0438 \u0443\u0432\u0438\u0434\u0435\u0442\u044c Facebook \u0438 \u0434\u0440\u0443\u0433\u0438\u0435 \u0441\u0430\u0439\u0442\u044b \u0441\u043e\u0446\u0438\u0430\u043b\u044c\u043d\u044b\u0445 \u0441\u0435\u0442\u0435\u0439.","pluginReviewed":false,"postSettings":{"linkSuggestions":true,"useFocusKeyword":false},"frontEndScore":false,"postName":"hanked-ja-toetused","permalinkFormat":"https:\/\/laserline.ee\/ru\/%pagename%\/","showLockModifiedDate":true,"assessor":{"focusKeywordLink":"https:\/\/laserline.ee\/wp-admin\/edit.php?focus_keyword=%focus_keyword%&post_type=%post_type%","hasTOCPlugin":true,"primaryTaxonomy":false,"serpData":{"title":"","description":"","focusKeywords":"","pillarContent":false,"canonicalUrl":"","breadcrumbTitle":"","advancedRobots":[],"facebookTitle":"","facebookDescription":"","facebookImage":"","facebookImageID":"","facebookHasOverlay":false,"facebookImageOverlay":"","facebookAuthor":"","twitterCardType":"","twitterUseFacebook":true,"twitterTitle":"","twitterDescription":"","twitterImage":"","twitterImageID":"","twitterHasOverlay":false,"twitterImageOverlay":"","twitterPlayerUrl":"","twitterPlayerSize":"","twitterPlayerStream":"","twitterPlayerStreamCtype":"","twitterAppDescription":"","twitterAppIphoneName":"","twitterAppIphoneID":"","twitterAppIphoneUrl":"","twitterAppIpadName":"","twitterAppIpadID":"","twitterAppIpadUrl":"","twitterAppGoogleplayName":"","twitterAppGoogleplayID":"","twitterAppGoogleplayUrl":"","twitterAppCountry":"","robots":{"index":true},"twitterAuthor":"\u0438\u043c\u044f \u043f\u043e\u043b\u044c\u0437\u043e\u0432\u0430\u0442\u0435\u043b\u044f","primaryTerm":0,"authorName":"cudow0j5h2e4g3er1q","titleTemplate":"%title% %sep% %sitename%","descriptionTemplate":"%excerpt%","showScoreFrontend":true,"lockModifiedDate":false},"powerWords":[],"diacritics":{"A":"[\\u0410\\u0430]","B":"[\\u0411\\u0431]","V":"[\\u0412\\u0432]","G":"[\\u0413\\u0433]","D":"[\\u0414\\u0434]","YE":"[\\u0415\\u0435]","YO":"[\\u0401\\u0451]","ZH":"[\\u0416\\u0436]","Z":"[\\u0417\\u0437]","EE":"[\\u0418\\u0438]","YI":"[\\u0419\\u0439]","K":"[\\u041A\\u043A]","L":"[\\u041B\\u043B]","M":"[\\u041C\\u043c]","P":"[\\u041F\\u043F]","T":"[\\u0422\\u0442]","U":"[\\u0423\\u0443]","F":"[\\u0424\\u0444]","H":"[\\u0425\\u0445]","TS":"[\\u0426\\u0446]","CH":"[\\u0427\\u0447]","SH":"[\\u0428\\u0448\\u0429\\u0449]","I":"[\\u042B\\u044B]","E":"[\\u042D\\u044D]","YU":"[\\u042E\\u044E]","YA":"[\\u042F\\u044F]","N":"[\\u041D\\u043D]"},"researchesTests":["contentHasTOC","contentHasShortParagraphs","contentHasAssets","keywordInTitle","keywordInMetaDescription","keywordInPermalink","keywordIn10Percent","keywordInContent","keywordInSubheadings","keywordInImageAlt","keywordDensity","keywordNotUsed","lengthContent","lengthPermalink","linksHasInternal","linksHasExternals","linksNotAllExternals","titleStartWithKeyword","titleSentiment","titleHasPowerWords","titleHasNumber","hasContentAI"],"hasRedirection":false,"hasBreadcrumb":true},"homeUrl":"https:\/\/laserline.ee\/ru","objectID":2627,"objectType":"post","locale":"ru","localeFull":"ru_RU","overlayImages":{"play":{"name":"Play \u0438\u043a\u043e\u043d\u043a\u0430","url":"https:\/\/laserline.ee\/wp-content\/plugins\/seo-by-rank-math\/assets\/admin\/img\/icon-play.png","path":"\/www\/apache\/domains\/www.laserline.ee\/htdocs\/wp-content\/plugins\/seo-by-rank-math\/assets\/admin\/img\/icon-play.png","position":"middle_center"},"gif":{"name":"GIF \u0438\u043a\u043e\u043d\u043a\u0430","url":"https:\/\/laserline.ee\/wp-content\/plugins\/seo-by-rank-math\/assets\/admin\/img\/icon-gif.png","path":"\/www\/apache\/domains\/www.laserline.ee\/htdocs\/wp-content\/plugins\/seo-by-rank-math\/assets\/admin\/img\/icon-gif.png","position":"middle_center"}},"defautOgImage":"https:\/\/laserline.ee\/wp-content\/uploads\/metalldetailide-laserloikus-04.jpg","customPermalinks":true,"isUserRegistered":false,"autoSuggestKeywords":false,"connectSiteUrl":"https:\/\/rankmath.com\/auth?site=https%3A%2F%2Flaserline.ee%2Fru&r=https%3A%2F%2Flaserline.ee%2Fru%2Fwp-json%2Fwp%2Fv2%2Fpages%2F2627%3Fnonce%3D4b4e9d3979","maxTags":5,"trendsIcon":"<svg viewBox=\"0 0 610 610\"><path d=\"M18.85,446,174.32,290.48l58.08,58.08L76.93,504a14.54,14.54,0,0,1-20.55,0L18.83,466.48a14.54,14.54,0,0,1,0-20.55Z\" style=\"fill:#4285f4\"\/><path d=\"M242.65,242.66,377.59,377.6l-47.75,47.75a14.54,14.54,0,0,1-20.55,0L174.37,290.43l47.75-47.75A14.52,14.52,0,0,1,242.65,242.66Z\" style=\"fill:#ea4335\"\/><polygon points=\"319.53 319.53 479.26 159.8 537.34 217.88 377.61 377.62 319.53 319.53\" style=\"fill:#fabb05\"\/><path d=\"M594.26,262.73V118.61h0a16.94,16.94,0,0,0-16.94-16.94H433.2a16.94,16.94,0,0,0-12,28.92L565.34,274.71h0a16.94,16.94,0,0,0,28.92-12Z\" style=\"fill:#34a853\"\/><rect width=\"610\" height=\"610\" style=\"fill:none\"\/><\/svg>","showScore":true,"siteFavIcon":"https:\/\/laserline.ee\/wp-content\/uploads\/cropped-faviocn-laserline-512x512-01-32x32.png","canUser":{"general":false,"advanced":false,"snippet":false,"social":false,"analysis":false,"analytics":false,"content_ai":false},"showKeywordIntent":true,"isPro":false,"is_front_page":false,"trendsUpgradeLink":"https:\/\/rankmath.com\/pricing\/?utm_source=Plugin&utm_medium=CE%20General%20Tab%20Trends&utm_campaign=WP","trendsUpgradeLabel":"\u0410\u043f\u0433\u0440\u0435\u0439\u0434","trendsPreviewImage":"https:\/\/laserline.ee\/wp-content\/plugins\/seo-by-rank-math\/assets\/admin\/img\/trends-preview.jpg","currentEditor":false,"homepageData":{"assessor":{"powerWords":[],"diacritics":true,"researchesTests":["contentHasTOC","contentHasShortParagraphs","contentHasAssets","keywordInTitle","keywordInMetaDescription","keywordInPermalink","keywordIn10Percent","keywordInContent","keywordInSubheadings","keywordInImageAlt","keywordDensity","keywordNotUsed","lengthContent","lengthPermalink","linksHasInternal","linksHasExternals","linksNotAllExternals","titleStartWithKeyword","titleSentiment","titleHasPowerWords","titleHasNumber","hasContentAI"],"hasBreadcrumb":true,"serpData":{"title":"%sitename% %page% %sep% %sitedesc%","description":"","titleTemplate":"%sitename% %page% %sep% %sitedesc%","descriptionTemplate":"","focusKeywords":"","breadcrumbTitle":"Home","robots":{"index":true},"advancedRobots":[],"facebookTitle":"","facebookDescription":"","facebookImage":"","facebookImageID":""}}},"tocTitle":"Table of Contents","tocExcludeHeadings":[],"listStyle":"ul"},"_links":{"self":[{"href":"https:\/\/laserline.ee\/ru\/wp-json\/wp\/v2\/pages\/2627","targetHints":{"allow":["GET"]}}],"collection":[{"href":"https:\/\/laserline.ee\/ru\/wp-json\/wp\/v2\/pages"}],"about":[{"href":"https:\/\/laserline.ee\/ru\/wp-json\/wp\/v2\/types\/page"}],"author":[{"embeddable":true,"href":"https:\/\/laserline.ee\/ru\/wp-json\/wp\/v2\/users\/1"}],"replies":[{"embeddable":true,"href":"https:\/\/laserline.ee\/ru\/wp-json\/wp\/v2\/comments?post=2627"}],"version-history":[{"count":0,"href":"https:\/\/laserline.ee\/ru\/wp-json\/wp\/v2\/pages\/2627\/revisions"}],"wp:attachment":[{"href":"https:\/\/laserline.ee\/ru\/wp-json\/wp\/v2\/media?parent=2627"}],"wp:term":[{"taxonomy":"category","embeddable":true,"href":"https:\/\/laserline.ee\/ru\/wp-json\/wp\/v2\/categories?post=2627"},{"taxonomy":"post_tag","embeddable":true,"href":"https:\/\/laserline.ee\/ru\/wp-json\/wp\/v2\/tags?post=2627"}],"curies":[{"name":"wp","href":"https:\/\/api.w.org\/{rel}","templated":true}]}}